{"id":4835,"date":"2025-02-26T16:48:03","date_gmt":"2025-02-26T14:48:03","guid":{"rendered":"https:\/\/ewerk-greifswald.de\/ewerk\/?page_id=4835"},"modified":"2025-04-29T21:47:16","modified_gmt":"2025-04-29T19:47:16","slug":"start","status":"publish","type":"page","link":"https:\/\/ewerk-greifswald.de\/ewerk\/","title":{"rendered":"Start"},"content":{"rendered":"\n<figure class=\"wp-block-image size-large is-resized\"><a href=\"https:\/\/ewerk-greifswald.de\/ewerk\/wp-content\/uploads\/2025\/04\/Willkommensbild-3.jpeg\"><img loading=\"lazy\" decoding=\"async\" width=\"1024\" height=\"527\" src=\"https:\/\/ewerk-greifswald.de\/ewerk\/wp-content\/uploads\/2025\/04\/Willkommensbild-3-1024x527.jpeg\" alt=\"\" class=\"wp-image-5159\" style=\"width:768px;height:auto\" srcset=\"https:\/\/ewerk-greifswald.de\/ewerk\/wp-content\/uploads\/2025\/04\/Willkommensbild-3-1024x527.jpeg 1024w, https:\/\/ewerk-greifswald.de\/ewerk\/wp-content\/uploads\/2025\/04\/Willkommensbild-3-300x154.jpeg 300w, https:\/\/ewerk-greifswald.de\/ewerk\/wp-content\/uploads\/2025\/04\/Willkommensbild-3-768x395.jpeg 768w, https:\/\/ewerk-greifswald.de\/ewerk\/wp-content\/uploads\/2025\/04\/Willkommensbild-3-1536x791.jpeg 1536w, https:\/\/ewerk-greifswald.de\/ewerk\/wp-content\/uploads\/2025\/04\/Willkommensbild-3.jpeg 2048w\" sizes=\"auto, (max-width: 1024px) 100vw, 1024px\" \/><\/a><\/figure>\n\n\n\n<h2 class=\"wp-block-heading has-text-align-center\">Hallo, herzlich willkommen im E-Werk!<\/h2>\n\n\n\n<p class=\"has-text-align-center\">Sch\u00f6n, dass Du bei uns vorbeischaust. Hier findest Du Informationen \u00fcber unsere Gemeinde, aktuelle Beitr\u00e4ge, jede Menge Angebote und vieles mehr! Falls Du Fragen hast, nimm gern <a href=\"https:\/\/ewerk-greifswald.de\/ewerk\/?page_id=125\" data-type=\"page\" data-id=\"125\"><strong>Kontakt<\/strong><\/a> zu uns auf.<\/p>\n","protected":false},"excerpt":{"rendered":"<p>Hallo, herzlich willkommen im E-Werk! Sch\u00f6n, dass Du bei uns vorbeischaust. Hier findest Du Informationen \u00fcber unsere Gemeinde, aktuelle Beitr\u00e4ge, jede Menge Angebote und vieles mehr! Falls Du Fragen hast, [&hellip;]<\/p>\n","protected":false},"author":28,"featured_media":0,"parent":0,"menu_order":0,"comment_status":"closed","ping_status":"closed","template":"","meta":{"ngg_post_thumbnail":0,"_mc_calendar":[],"footnotes":""},"class_list":["post-4835","page","type-page","status-publish","czr-hentry"],"publishpress_future_action":{"enabled":false,"date":"2026-04-26 12:50:33","action":"Draft","newStatus":"draft","terms":[],"taxonomy":"","extraData":[]},"publishpress_future_workflow_manual_trigger":{"enabledWorkflows":[]},"_links":{"self":[{"href":"https:\/\/ewerk-greifswald.de\/ewerk\/index.php?rest_route=\/wp\/v2\/pages\/4835","targetHints":{"allow":["GET"]}}],"collection":[{"href":"https:\/\/ewerk-greifswald.de\/ewerk\/index.php?rest_route=\/wp\/v2\/pages"}],"about":[{"href":"https:\/\/ewerk-greifswald.de\/ewerk\/index.php?rest_route=\/wp\/v2\/types\/page"}],"author":[{"embeddable":true,"href":"https:\/\/ewerk-greifswald.de\/ewerk\/index.php?rest_route=\/wp\/v2\/users\/28"}],"replies":[{"embeddable":true,"href":"https:\/\/ewerk-greifswald.de\/ewerk\/index.php?rest_route=%2Fwp%2Fv2%2Fcomments&post=4835"}],"version-history":[{"count":22,"href":"https:\/\/ewerk-greifswald.de\/ewerk\/index.php?rest_route=\/wp\/v2\/pages\/4835\/revisions"}],"predecessor-version":[{"id":5160,"href":"https:\/\/ewerk-greifswald.de\/ewerk\/index.php?rest_route=\/wp\/v2\/pages\/4835\/revisions\/5160"}],"wp:attachment":[{"href":"https:\/\/ewerk-greifswald.de\/ewerk\/index.php?rest_route=%2Fwp%2Fv2%2Fmedia&parent=4835"}],"curies":[{"name":"wp","href":"https:\/\/api.w.org\/{rel}","templated":true}]}}