{"id":3610,"date":"2022-05-29T14:37:36","date_gmt":"2022-05-29T12:37:36","guid":{"rendered":"https:\/\/ewerk-greifswald.de\/ewerk\/?page_id=3610"},"modified":"2025-04-21T10:51:23","modified_gmt":"2025-04-21T08:51:23","slug":"stadt-region","status":"publish","type":"page","link":"https:\/\/ewerk-greifswald.de\/ewerk\/?page_id=3610","title":{"rendered":"Netzwerk"},"content":{"rendered":"\n<h3 class=\"wp-block-heading\">Unsere Stadt<\/h3>\n\n\n\n<p>Wir sind mit verschiedenen Gemeinden aus Greifswald in der <strong><a href=\"https:\/\/www.ea-greifswald.de\/\" target=\"_blank\" rel=\"noreferrer noopener\">Evangelischen Allianz<\/a><\/strong> vertreten und beteiligen uns an gemeinsamen Aktivit\u00e4ten wie z.B. der Allianzgebetswoche.<\/p>\n\n\n\n<div class=\"wp-block-columns are-vertically-aligned-bottom is-layout-flex wp-container-core-columns-is-layout-9d6595d7 wp-block-columns-is-layout-flex\">\n<div class=\"wp-block-column is-vertically-aligned-bottom is-layout-flow wp-block-column-is-layout-flow\" style=\"flex-basis:100%\">\n<div class=\"wp-block-group\"><div class=\"wp-block-group__inner-container is-layout-constrained wp-block-group-is-layout-constrained\">\n<details class=\"wp-block-details is-layout-flow wp-block-details-is-layout-flow\"><summary>Hier geht es zu einigen Gemeinden und Projekten aus Greifswald, mit denen wir vernetzt sind.<\/summary>\n<ul class=\"wp-block-list\">\n<li><a href=\"https:\/\/johannes-greifswald.de\/\" target=\"_blank\" rel=\"noreferrer noopener\">Johannesgemeinde<\/a><\/li>\n\n\n\n<li><a href=\"https:\/\/www.greifbar.net\/\" target=\"_blank\" rel=\"noreferrer noopener\">GreifBar<\/a><\/li>\n\n\n\n<li><a href=\"http:\/\/www.lkg-greifswald.de\/\" target=\"_blank\" rel=\"noreferrer noopener\">Landeskirchliche Gemeinschaft<\/a><\/li>\n\n\n\n<li><a href=\"https:\/\/www.selk-greifswald.de\/\" target=\"_blank\" rel=\"noreferrer noopener\">SELK<\/a><\/li>\n\n\n\n<li><a href=\"https:\/\/www.ojc-greifswald.de\/\" target=\"_blank\" rel=\"noreferrer noopener\">Offensive junger Christen (OJC)<\/a><\/li>\n\n\n\n<li><a href=\"https:\/\/hochschul-smd.org\/greifswald\/\" target=\"_blank\" rel=\"noreferrer noopener\">SMD Greifswald<\/a><\/li>\n<\/ul>\n<\/details>\n<\/div><\/div>\n<\/div>\n<\/div>\n\n\n\n<h3 class=\"wp-block-heading\">Unsere Region<\/h3>\n\n\n\n<p>Wir sind mit verschiedenen Gemeinden in der &#8222;Region 1 &#8211; Ost&#8220; innerhalb des <strong><a href=\"https:\/\/christusforum.de\/\" target=\"_blank\" rel=\"noreferrer noopener\">Christusforums<\/a> <\/strong>vernetzt. Die Zusammenarbeit besteht u.a. aus:<\/p>\n\n\n<div class=\"wp-block-image\">\n<figure class=\"alignright size-full is-resized\"><a href=\"https:\/\/ewerk-greifswald.de\/ewerk\/wp-content\/uploads\/2022\/05\/CFD-Region-1-Ost.jpg\"><img loading=\"lazy\" decoding=\"async\" width=\"798\" height=\"608\" src=\"https:\/\/ewerk-greifswald.de\/ewerk\/wp-content\/uploads\/2022\/05\/CFD-Region-1-Ost.jpg\" alt=\"\" class=\"wp-image-3614\" style=\"width:382px;height:291px\" srcset=\"https:\/\/ewerk-greifswald.de\/ewerk\/wp-content\/uploads\/2022\/05\/CFD-Region-1-Ost.jpg 798w, https:\/\/ewerk-greifswald.de\/ewerk\/wp-content\/uploads\/2022\/05\/CFD-Region-1-Ost-300x229.jpg 300w, https:\/\/ewerk-greifswald.de\/ewerk\/wp-content\/uploads\/2022\/05\/CFD-Region-1-Ost-768x585.jpg 768w\" sizes=\"auto, (max-width: 798px) 100vw, 798px\" \/><\/a><\/figure><\/div>\n\n\n<div class=\"wp-block-group\"><div class=\"wp-block-group__inner-container is-layout-flow wp-block-group-is-layout-flow\">\n<p><strong>Schulung: <\/strong>Bei einem Regionalen Seminartag (RST) im M\u00e4rz gibt es fachliche Weiterbildung zu einem zuvor festgelegten Thema.<\/p>\n\n\n\n<p><strong>Gemeinschaft:<\/strong> Wir feiern jeden Sommer gemeinsam ein Open-Air-Gottesdienst in einem zentral gelegenen Naturerlebnispark.<\/p>\n\n\n\n<p><strong>Gebet: <\/strong>Beim Gebetsfr\u00fchst\u00fcck im September berichtet jede Gemeinde von sich und nennt aktuelle Gebetsanliegen<\/p>\n\n\n\n<p><strong>Begegnung der Leiter:<\/strong> Am Regionalen Leitertag beteiligen sich aus jeder Gemeinde 2-3 Leiter, die die regionale Arbeit im Blick haben. Sie verantworten die sechs Bereiche, tauschen sich \u00fcber aktuelle Herausforderungen aus, reflektieren zur\u00fcckliegende Veranstaltungen und st\u00e4rken sich gegenseitig.<\/p>\n\n\n\n<p><strong>Junge Generation:<\/strong> Es finden \u00fcber das Jahr verteilt gemeinsame Kinderprogramme, Freizeiten und Jugendgottesdienste statt.<\/p>\n\n\n\n<p><strong>Hauptamtliche:<\/strong> Die Hauptamtlichen treffen sich mehrmals im Jahr zu einem pers\u00f6nlichen Austausch und profitieren von einer kollegialen Beratung.<\/p>\n<\/div><\/div>\n\n\n\n<p>Innerhalb des <strong><a href=\"https:\/\/www.befg.de\/\" target=\"_blank\" rel=\"noreferrer noopener\">BEFG<\/a> <\/strong>sind die Gemeinden im <a href=\"https:\/\/www.efg-mv.net\/\" target=\"_blank\" rel=\"noreferrer noopener\"><strong>Landesverband-MV<\/strong><\/a> verbunden.<\/p>\n\n\n\n<p><\/p>\n","protected":false},"excerpt":{"rendered":"<p>Unsere Stadt Wir sind mit verschiedenen Gemeinden aus Greifswald in der Evangelischen Allianz vertreten und beteiligen uns an gemeinsamen Aktivit\u00e4ten wie z.B. der Allianzgebetswoche. Unsere Region Wir sind mit verschiedenen [&hellip;]<\/p>\n","protected":false},"author":2,"featured_media":4743,"parent":103,"menu_order":36,"comment_status":"closed","ping_status":"closed","template":"","meta":{"ngg_post_thumbnail":0,"_mc_calendar":[],"footnotes":""},"class_list":["post-3610","page","type-page","status-publish","has-post-thumbnail","czr-hentry"],"publishpress_future_action":{"enabled":false,"date":"2026-05-16 04:37:35","action":"Draft","newStatus":"draft","terms":[],"taxonomy":"","extraData":[]},"publishpress_future_workflow_manual_trigger":{"enabledWorkflows":[]},"_links":{"self":[{"href":"https:\/\/ewerk-greifswald.de\/ewerk\/index.php?rest_route=\/wp\/v2\/pages\/3610","targetHints":{"allow":["GET"]}}],"collection":[{"href":"https:\/\/ewerk-greifswald.de\/ewerk\/index.php?rest_route=\/wp\/v2\/pages"}],"about":[{"href":"https:\/\/ewerk-greifswald.de\/ewerk\/index.php?rest_route=\/wp\/v2\/types\/page"}],"author":[{"embeddable":true,"href":"https:\/\/ewerk-greifswald.de\/ewerk\/index.php?rest_route=\/wp\/v2\/users\/2"}],"replies":[{"embeddable":true,"href":"https:\/\/ewerk-greifswald.de\/ewerk\/index.php?rest_route=%2Fwp%2Fv2%2Fcomments&post=3610"}],"version-history":[{"count":15,"href":"https:\/\/ewerk-greifswald.de\/ewerk\/index.php?rest_route=\/wp\/v2\/pages\/3610\/revisions"}],"predecessor-version":[{"id":5149,"href":"https:\/\/ewerk-greifswald.de\/ewerk\/index.php?rest_route=\/wp\/v2\/pages\/3610\/revisions\/5149"}],"up":[{"embeddable":true,"href":"https:\/\/ewerk-greifswald.de\/ewerk\/index.php?rest_route=\/wp\/v2\/pages\/103"}],"wp:featuredmedia":[{"embeddable":true,"href":"https:\/\/ewerk-greifswald.de\/ewerk\/index.php?rest_route=\/wp\/v2\/media\/4743"}],"wp:attachment":[{"href":"https:\/\/ewerk-greifswald.de\/ewerk\/index.php?rest_route=%2Fwp%2Fv2%2Fmedia&parent=3610"}],"curies":[{"name":"wp","href":"https:\/\/api.w.org\/{rel}","templated":true}]}}