{"id":23,"date":"2011-03-22T12:23:16","date_gmt":"2011-03-22T11:23:16","guid":{"rendered":"http:\/\/www.bg-greifswald.de\/wordpress\/?page_id=23"},"modified":"2025-03-02T21:59:59","modified_gmt":"2025-03-02T19:59:59","slug":"kompass-kids","status":"publish","type":"page","link":"https:\/\/ewerk-greifswald.de\/ewerk\/?page_id=23","title":{"rendered":"KompassKids"},"content":{"rendered":"\n<p class=\"is-style-default\">KompassKids ist ein <strong>christlich-soziales Projekt<\/strong> und bietet eine sinnvolle Freizeitbesch\u00e4ftigung f\u00fcr Kinder aus Sch\u00f6nwalde I an. Motivation ist dabei die Liebe Gottes zu allen Menschen. Das Projekt wurde von Mitarbeitern unserer Gemeinde gegr\u00fcndet und geh\u00f6rt nach einem Tr\u00e4gerwechsel 2020 zu der Internationalen Arbeitsgemeinschaft Mission (<a href=\"https:\/\/www.iam-mission.de\/\" target=\"_blank\" rel=\"noreferrer noopener\">IAM<\/a>) e.V.<\/p>\n\n\n\n<p>Das offene Spielangebot findet jeden <strong>Donnerstag <\/strong>innerhalb der Schulwochen von <strong>16-18 Uhr<\/strong>&nbsp;in Sch\u00f6nwalde auf der <strong>Wiese<\/strong> bei der Joilot-Curie-Stra\u00dfe statt. <\/p>\n\n\n<div class=\"wp-block-image is-style-default\">\n<figure class=\"alignright size-large is-resized\"><a href=\"https:\/\/kompass-kids.jimdofree.com\/\" target=\"_blank\" rel=\" noreferrer noopener\"><img loading=\"lazy\" decoding=\"async\" width=\"1024\" height=\"726\" src=\"https:\/\/ewerk-greifswald.de\/ewerk\/wp-content\/uploads\/2025\/02\/KoKi-Logo-ready-PNG-1024x726.png\" alt=\"\" class=\"wp-image-4682\" style=\"width:261px;height:auto\" srcset=\"https:\/\/ewerk-greifswald.de\/ewerk\/wp-content\/uploads\/2025\/02\/KoKi-Logo-ready-PNG-1024x726.png 1024w, https:\/\/ewerk-greifswald.de\/ewerk\/wp-content\/uploads\/2025\/02\/KoKi-Logo-ready-PNG-300x213.png 300w, https:\/\/ewerk-greifswald.de\/ewerk\/wp-content\/uploads\/2025\/02\/KoKi-Logo-ready-PNG-768x545.png 768w, https:\/\/ewerk-greifswald.de\/ewerk\/wp-content\/uploads\/2025\/02\/KoKi-Logo-ready-PNG-1536x1090.png 1536w, https:\/\/ewerk-greifswald.de\/ewerk\/wp-content\/uploads\/2025\/02\/KoKi-Logo-ready-PNG.png 1748w\" sizes=\"auto, (max-width: 1024px) 100vw, 1024px\" \/><\/a><figcaption class=\"wp-element-caption\"><mark style=\"background-color:rgba(0, 0, 0, 0)\" class=\"has-inline-color has-cyan-bluish-gray-color\">F\u00fcr mehr Infos hier klicken<\/mark><\/figcaption><\/figure><\/div>\n\n\n<p>Das w\u00f6chentliche <strong>Programm<\/strong> f\u00fcr die Kinder besteht f\u00fcr gew\u00f6hnlich aus gemeinsamen Spielen, einer Tee- und Kekspause und einer spannenden Geschichte \u00fcber Gott. Parallel hierzu findet auch das <strong>Caf\u00e9Kompass <\/strong>statt, bei dem sich die Eltern und Erwachsene bei Kaffee und Keksen austauschen k\u00f6nnen.<\/p>\n\n\n\n<p>Unser <strong>Team <\/strong>besteht derzeit aus acht ehrenamtlichen Mitarbeitern, drei Teen-Helfer und einem hauptamtlichen Mitarbeiter in Teilzeit. <\/p>\n\n\n\n<p class=\"has-text-align-center\"><strong><mark style=\"background-color:rgba(0, 0, 0, 0)\" class=\"has-inline-color has-luminous-vivid-orange-color\">Ob gro\u00df oder klein, jeder ist herzlich eingeladen!<\/mark><\/strong><\/p>\n\n\n\n<p><\/p>\n","protected":false},"excerpt":{"rendered":"<p>KompassKids ist ein christlich-soziales Projekt und bietet eine sinnvolle Freizeitbesch\u00e4ftigung f\u00fcr Kinder aus Sch\u00f6nwalde I an. Motivation ist dabei die Liebe Gottes zu allen Menschen. Das Projekt wurde von Mitarbeitern [&hellip;]<\/p>\n","protected":false},"author":2,"featured_media":4681,"parent":96,"menu_order":7,"comment_status":"closed","ping_status":"closed","template":"","meta":{"ngg_post_thumbnail":0,"_mc_calendar":[],"footnotes":""},"class_list":["post-23","page","type-page","status-publish","has-post-thumbnail","czr-hentry"],"publishpress_future_action":{"enabled":false,"date":"2026-05-09 12:17:41","action":"Draft","newStatus":"draft","terms":[],"taxonomy":"","extraData":[]},"publishpress_future_workflow_manual_trigger":{"enabledWorkflows":[]},"_links":{"self":[{"href":"https:\/\/ewerk-greifswald.de\/ewerk\/index.php?rest_route=\/wp\/v2\/pages\/23","targetHints":{"allow":["GET"]}}],"collection":[{"href":"https:\/\/ewerk-greifswald.de\/ewerk\/index.php?rest_route=\/wp\/v2\/pages"}],"about":[{"href":"https:\/\/ewerk-greifswald.de\/ewerk\/index.php?rest_route=\/wp\/v2\/types\/page"}],"author":[{"embeddable":true,"href":"https:\/\/ewerk-greifswald.de\/ewerk\/index.php?rest_route=\/wp\/v2\/users\/2"}],"replies":[{"embeddable":true,"href":"https:\/\/ewerk-greifswald.de\/ewerk\/index.php?rest_route=%2Fwp%2Fv2%2Fcomments&post=23"}],"version-history":[{"count":44,"href":"https:\/\/ewerk-greifswald.de\/ewerk\/index.php?rest_route=\/wp\/v2\/pages\/23\/revisions"}],"predecessor-version":[{"id":4722,"href":"https:\/\/ewerk-greifswald.de\/ewerk\/index.php?rest_route=\/wp\/v2\/pages\/23\/revisions\/4722"}],"up":[{"embeddable":true,"href":"https:\/\/ewerk-greifswald.de\/ewerk\/index.php?rest_route=\/wp\/v2\/pages\/96"}],"wp:featuredmedia":[{"embeddable":true,"href":"https:\/\/ewerk-greifswald.de\/ewerk\/index.php?rest_route=\/wp\/v2\/media\/4681"}],"wp:attachment":[{"href":"https:\/\/ewerk-greifswald.de\/ewerk\/index.php?rest_route=%2Fwp%2Fv2%2Fmedia&parent=23"}],"curies":[{"name":"wp","href":"https:\/\/api.w.org\/{rel}","templated":true}]}}