{"id":193,"date":"2011-05-25T09:21:01","date_gmt":"2011-05-25T07:21:01","guid":{"rendered":"http:\/\/www.bg-greifswald.de\/wordpress\/?page_id=193"},"modified":"2025-04-10T11:06:32","modified_gmt":"2025-04-10T09:06:32","slug":"bibelstunde-gebet","status":"publish","type":"page","link":"https:\/\/ewerk-greifswald.de\/ewerk\/?page_id=193","title":{"rendered":"Bibelstunde &#038; Gebet"},"content":{"rendered":"<h2>Bibelstunde<\/h2>\n<p>Jeden <strong>Donnerstag<\/strong> treffen wir uns zur Bibelstunde um <strong>19:30 Uhr im E-Werk<\/strong>, es sei denn, es liegen andere Gemeindeveranstaltungen auf diesem Termin. Wenn Du Bibeltexte genauer verstehen und auch mit anderen dar\u00fcber diskutieren m\u00f6chte, bist Du hier genau richtig. In der Regel gehen wir dazu Vers f\u00fcr Vers durch biblische B\u00fccher. Der Fokus liegt mehr auf dem geschichtlichen Verstehen als auf der praktischen Anwendung der biblischen Texte, wobei das Eine das Andere nat\u00fcrlich nicht ausschlie\u00dft.<\/p>\n<h2>Gemeinsames Gebet<\/h2>\n<p>Jeden <strong>Dienstag<\/strong> treffen wir uns zum gemeinsamen Gebet um <strong>17:00 Uhr im E-Werk<\/strong>. Du bist herzlich eingeladen, daran teilzunehmen. Meist beginnen wir mit einem Bibelwort und kommen von da in die Anbetung, den Dank und die F\u00fcrbitte. Manchmal tauschen wir Anliegen aus, aber oft reiht sich das, was wir auf dem Herzen haben und worauf Gott uns hinweist, aneinander. Wir beten f\u00fcr Anliegen der Gemeinde, f\u00fcr die Bed\u00fcrfnisse einzelner, aber auch f\u00fcr unsere Welt und f\u00fcr die Mission. Auch pers\u00f6nliche Anliegen k\u00f6nnen zur Sprache kommen und wir beten dann f\u00fcreinander.<\/p>\n","protected":false},"excerpt":{"rendered":"<p>Bibelstunde Jeden Donnerstag treffen wir uns zur Bibelstunde um 19:30 Uhr im E-Werk, es sei denn, es liegen andere Gemeindeveranstaltungen auf diesem Termin. Wenn Du Bibeltexte genauer verstehen und auch [&hellip;]<\/p>\n","protected":false},"author":2,"featured_media":4764,"parent":96,"menu_order":1,"comment_status":"closed","ping_status":"closed","template":"","meta":{"ngg_post_thumbnail":0,"_mc_calendar":[],"footnotes":""},"class_list":["post-193","page","type-page","status-publish","has-post-thumbnail","czr-hentry"],"publishpress_future_action":{"enabled":false,"date":"2026-05-08 18:32:29","action":"Draft","newStatus":"draft","terms":[],"taxonomy":"","extraData":[]},"publishpress_future_workflow_manual_trigger":{"enabledWorkflows":[]},"_links":{"self":[{"href":"https:\/\/ewerk-greifswald.de\/ewerk\/index.php?rest_route=\/wp\/v2\/pages\/193","targetHints":{"allow":["GET"]}}],"collection":[{"href":"https:\/\/ewerk-greifswald.de\/ewerk\/index.php?rest_route=\/wp\/v2\/pages"}],"about":[{"href":"https:\/\/ewerk-greifswald.de\/ewerk\/index.php?rest_route=\/wp\/v2\/types\/page"}],"author":[{"embeddable":true,"href":"https:\/\/ewerk-greifswald.de\/ewerk\/index.php?rest_route=\/wp\/v2\/users\/2"}],"replies":[{"embeddable":true,"href":"https:\/\/ewerk-greifswald.de\/ewerk\/index.php?rest_route=%2Fwp%2Fv2%2Fcomments&post=193"}],"version-history":[{"count":22,"href":"https:\/\/ewerk-greifswald.de\/ewerk\/index.php?rest_route=\/wp\/v2\/pages\/193\/revisions"}],"predecessor-version":[{"id":5122,"href":"https:\/\/ewerk-greifswald.de\/ewerk\/index.php?rest_route=\/wp\/v2\/pages\/193\/revisions\/5122"}],"up":[{"embeddable":true,"href":"https:\/\/ewerk-greifswald.de\/ewerk\/index.php?rest_route=\/wp\/v2\/pages\/96"}],"wp:featuredmedia":[{"embeddable":true,"href":"https:\/\/ewerk-greifswald.de\/ewerk\/index.php?rest_route=\/wp\/v2\/media\/4764"}],"wp:attachment":[{"href":"https:\/\/ewerk-greifswald.de\/ewerk\/index.php?rest_route=%2Fwp%2Fv2%2Fmedia&parent=193"}],"curies":[{"name":"wp","href":"https:\/\/api.w.org\/{rel}","templated":true}]}}