{"id":15,"date":"2011-03-22T12:06:26","date_gmt":"2011-03-22T11:06:26","guid":{"rendered":"http:\/\/www.bg-greifswald.de\/wordpress\/?page_id=15"},"modified":"2025-03-10T16:25:12","modified_gmt":"2025-03-10T14:25:12","slug":"e-werk","status":"publish","type":"page","link":"https:\/\/ewerk-greifswald.de\/ewerk\/?page_id=15","title":{"rendered":"E-Werk"},"content":{"rendered":"\n<div class=\"wp-block-columns is-layout-flex wp-container-core-columns-is-layout-9d6595d7 wp-block-columns-is-layout-flex\">\n<div class=\"wp-block-column is-layout-flow wp-block-column-is-layout-flow\" style=\"flex-basis:100%\">\n<p>Das alte Elektrizit\u00e4tswerk (E-Werk) in der Marienstra\u00dfe 22 dient als <a href=\"https:\/\/ewerk-greifswald.de\/ewerk\/?page_id=624\">Gemeindehaus<\/a> und <a href=\"https:\/\/ewerk-greifswald.de\/ewerk\/?page_id=1183\">Konferenzzentrum<\/a>.<\/p>\n<p>Es gibt einen gro\u00dfen Saal f\u00fcr die Gemeindeveranstaltungen, eine professionell eingerichtete K\u00fcche, ein Bistro und einen Seminarraum. Im Obergeschoss befinden sich ein gro\u00dfer Jugendraum und eine K\u00fcche.<\/p>\n<p>Die R\u00e4umlichkeiten k\u00f6nnen auch von anderen Personen und Gruppen genutzt werden (<a title=\"Vermietung Konferenzzentrum\" href=\"https:\/\/ewerk-greifswald.de\/ewerk\/?page_id=1183\">Details<\/a>). Bei Interesse einfach die <a title=\"E-WERK Reservierungsanfrage\" href=\"https:\/\/ewerk-greifswald.de\/ewerk\/?page_id=1276\">Reservierungsanfrage<\/a> ausf\u00fcllen und abschicken.<\/p>\n<p>Die 16 Wohnungen der Marienstra\u00dfe 23-24, die sich vor dem Gemeindehaus befinden, werden derzeit vermietet.<\/p>\n<p>&nbsp;<\/p>\n<p>Im Oktober 2010 wurden wir Eigent\u00fcmer und Besitzer des alten Greifswalder Elektrizit\u00e4tswerkes. Es wurde dann in den folgenden beiden Jahren 2011-12 renoviert und umgebaut.<\/p>\n<p>Architekt: PbG Project Building General Ltd.<\/p>\n<p>Generalauftragnehmer: R. Schmidt Bauunternehmung GmbH<\/p>\n<p>&nbsp;<\/p>\n\n\n\n<h3 class=\"wp-block-heading has-text-align-center\">Bilder von der Renovierung 2012<\/h3>\n<\/div>\n<\/div>\n\n\n\nngg_shortcode_0_placeholder\n\n\n\n<div class=\"wp-block-columns is-layout-flex wp-container-core-columns-is-layout-9d6595d7 wp-block-columns-is-layout-flex\">\n<div class=\"wp-block-column is-layout-flow wp-block-column-is-layout-flow\" style=\"flex-basis:66.66%\"><\/div>\n<\/div>\n\n\n\n<p><\/p>\n","protected":false},"excerpt":{"rendered":"<p>Das alte Elektrizit\u00e4tswerk (E-Werk) in der Marienstra\u00dfe 22 dient als Gemeindehaus und Konferenzzentrum. Es gibt einen gro\u00dfen Saal f\u00fcr die Gemeindeveranstaltungen, eine professionell eingerichtete K\u00fcche, ein Bistro und einen Seminarraum. [&hellip;]<\/p>\n","protected":false},"author":2,"featured_media":1555,"parent":0,"menu_order":21,"comment_status":"closed","ping_status":"closed","template":"","meta":{"ngg_post_thumbnail":0,"_mc_calendar":[],"footnotes":""},"class_list":["post-15","page","type-page","status-publish","has-post-thumbnail","czr-hentry"],"publishpress_future_action":{"enabled":false,"date":"2026-05-16 04:38:52","action":"Draft","newStatus":"draft","terms":[],"taxonomy":"","extraData":[]},"publishpress_future_workflow_manual_trigger":{"enabledWorkflows":[]},"_links":{"self":[{"href":"https:\/\/ewerk-greifswald.de\/ewerk\/index.php?rest_route=\/wp\/v2\/pages\/15","targetHints":{"allow":["GET"]}}],"collection":[{"href":"https:\/\/ewerk-greifswald.de\/ewerk\/index.php?rest_route=\/wp\/v2\/pages"}],"about":[{"href":"https:\/\/ewerk-greifswald.de\/ewerk\/index.php?rest_route=\/wp\/v2\/types\/page"}],"author":[{"embeddable":true,"href":"https:\/\/ewerk-greifswald.de\/ewerk\/index.php?rest_route=\/wp\/v2\/users\/2"}],"replies":[{"embeddable":true,"href":"https:\/\/ewerk-greifswald.de\/ewerk\/index.php?rest_route=%2Fwp%2Fv2%2Fcomments&post=15"}],"version-history":[{"count":34,"href":"https:\/\/ewerk-greifswald.de\/ewerk\/index.php?rest_route=\/wp\/v2\/pages\/15\/revisions"}],"predecessor-version":[{"id":5045,"href":"https:\/\/ewerk-greifswald.de\/ewerk\/index.php?rest_route=\/wp\/v2\/pages\/15\/revisions\/5045"}],"wp:featuredmedia":[{"embeddable":true,"href":"https:\/\/ewerk-greifswald.de\/ewerk\/index.php?rest_route=\/wp\/v2\/media\/1555"}],"wp:attachment":[{"href":"https:\/\/ewerk-greifswald.de\/ewerk\/index.php?rest_route=%2Fwp%2Fv2%2Fmedia&parent=15"}],"curies":[{"name":"wp","href":"https:\/\/api.w.org\/{rel}","templated":true}]}}