{"id":110,"date":"2011-05-13T01:02:08","date_gmt":"2011-05-13T00:02:08","guid":{"rendered":"http:\/\/www.bg-greifswald.de\/wordpress\/?page_id=110"},"modified":"2025-07-18T19:12:07","modified_gmt":"2025-07-18T17:12:07","slug":"was-wir-glauben","status":"publish","type":"page","link":"https:\/\/ewerk-greifswald.de\/ewerk\/?page_id=110","title":{"rendered":"Was wir glauben"},"content":{"rendered":"<p>Wir als EFG Greifswald verstehen uns als Teil der weltweiten christlichen Gemeinde und haben das <strong>Apostolische Glaubensbekenntnis<\/strong> als gemeinsame Grundlage unseres Glaubens.<\/p>\n\n\n<details class=\"wp-block-details is-layout-flow wp-block-details-is-layout-flow\"><summary>Hier geht&#8217;s zum Apostolischen Glaubensbekenntnis<\/summary>\n<p><\/p>\n\n\n\n<p>Ich glaube an <strong>Gott<\/strong>,<br>den Vater, den Allm\u00e4chtigen,<br>den Sch\u00f6pfer des Himmels und der Erde.<br><\/p>\n\n\n\n<p>Und an <strong>Jesus Christus<\/strong>,<br>seinen eingeborenen Sohn, unsern Herrn,<br>empfangen durch den Heiligen Geist,<br>geboren von der Jungfrau Maria,<br>gelitten unter Pontius Pilatus,<br>gekreuzigt, gestorben und begraben,<br>hinabgestiegen in das Reich des Todes,<br>am dritten Tage auferstanden von den Toten,<br>aufgefahren in den Himmel;<br>er sitzt zur Rechten Gottes,<br>des allm\u00e4chtigen Vaters;<br>von dort wird er kommen,<br>zu richten die Lebenden und die Toten.<br><\/p>\n\n\n\n<p>Ich glaube an den <strong>Heiligen Geist<\/strong>,<br>die heilige christliche Kirche,<br>Gemeinschaft der Heiligen,<br>Vergebung der S\u00fcnden,<br>Auferstehung der Toten<br>und das ewige Leben. Amen.<\/p>\n<\/details>\n\n\n\n<hr class=\"wp-block-separator has-alpha-channel-opacity\"\/>\n\n\n\n<p>Als Teil des <a href=\"https:\/\/christusforum.de\/\" target=\"_blank\" rel=\"noreferrer noopener\">ChristusForums<\/a> ist der <strong>Wertekanon<\/strong> ein wichtiger Bestandteil unserer \u00dcberzeugungen. Hier findet sich unsere Position zu theologischen Schl\u00fcsselthemen wie dem Verst\u00e4ndnis der Schrift, der Sch\u00f6pfung, der Gemeinde und vieles mehr!<\/p>\n\n\n\n<p>Hier kannst du den Wertekanon ansehen: <a href=\"https:\/\/ewerk-greifswald.de\/ewerk\/wp-content\/uploads\/2025\/07\/ChristusForum-Wertekanon-2.-Auflage.pdf\" data-type=\"attachment\" data-id=\"5307\" target=\"_blank\" rel=\"noreferrer noopener\">Wertekanon<\/a><\/p>\n\n\n\n<hr class=\"wp-block-separator has-alpha-channel-opacity\"\/>\n\n\n\n<p>In unsere Gemeinde wird<strong> jede Woche Abendmahl <\/strong>im Rahmen des Gottesdienstes gefeiert. Anteil nehmen k\u00f6nnen dabei alle, die der Herrn Jesus als ihren Herrn und Retter angenommen haben. Wir praktizieren zudem die <strong>Glaubenstaufe<\/strong>, bei der jeder getauft wird, der bewusst das Geschenk der g\u00f6ttlichen Gnade im Glauben f\u00fcr sich erkannt und angenommen hat. Die Taufe ist bei uns keine Voraussetzung f\u00fcr die Teilhabe am Abendmahl oder f\u00fcr eine Mitgliedschaft in unserer Gemeinde.<\/p>\n\n\n\n<hr class=\"wp-block-separator has-alpha-channel-opacity\"\/>\n\n\n\n<p>Wenn Du Interesse an unserem Glauben hast oder konkrete Fragen, dann nimm gern Kontakt auf. Wir freuen uns auf Deine Nachricht: <a href=\"mailto:lebenshilfelehre@ewerk-greifswald.de\">lebenshilfelehre@ewerk-greifswald.de<\/a><\/p>\n\n\n\n<p><\/p>\n","protected":false},"excerpt":{"rendered":"<p>Wir als EFG Greifswald verstehen uns als Teil der weltweiten christlichen Gemeinde und haben das Apostolische Glaubensbekenntnis als gemeinsame Grundlage unseres Glaubens. Als Teil des ChristusForums ist der Wertekanon ein [&hellip;]<\/p>\n","protected":false},"author":2,"featured_media":4767,"parent":103,"menu_order":26,"comment_status":"closed","ping_status":"open","template":"","meta":{"ngg_post_thumbnail":0,"_mc_calendar":[],"footnotes":""},"class_list":["post-110","page","type-page","status-publish","has-post-thumbnail","czr-hentry"],"publishpress_future_action":{"enabled":false,"date":"2026-04-26 13:59:23","action":"Draft","newStatus":"draft","terms":[],"taxonomy":"","extraData":[]},"publishpress_future_workflow_manual_trigger":{"enabledWorkflows":[]},"_links":{"self":[{"href":"https:\/\/ewerk-greifswald.de\/ewerk\/index.php?rest_route=\/wp\/v2\/pages\/110","targetHints":{"allow":["GET"]}}],"collection":[{"href":"https:\/\/ewerk-greifswald.de\/ewerk\/index.php?rest_route=\/wp\/v2\/pages"}],"about":[{"href":"https:\/\/ewerk-greifswald.de\/ewerk\/index.php?rest_route=\/wp\/v2\/types\/page"}],"author":[{"embeddable":true,"href":"https:\/\/ewerk-greifswald.de\/ewerk\/index.php?rest_route=\/wp\/v2\/users\/2"}],"replies":[{"embeddable":true,"href":"https:\/\/ewerk-greifswald.de\/ewerk\/index.php?rest_route=%2Fwp%2Fv2%2Fcomments&post=110"}],"version-history":[{"count":15,"href":"https:\/\/ewerk-greifswald.de\/ewerk\/index.php?rest_route=\/wp\/v2\/pages\/110\/revisions"}],"predecessor-version":[{"id":5316,"href":"https:\/\/ewerk-greifswald.de\/ewerk\/index.php?rest_route=\/wp\/v2\/pages\/110\/revisions\/5316"}],"up":[{"embeddable":true,"href":"https:\/\/ewerk-greifswald.de\/ewerk\/index.php?rest_route=\/wp\/v2\/pages\/103"}],"wp:featuredmedia":[{"embeddable":true,"href":"https:\/\/ewerk-greifswald.de\/ewerk\/index.php?rest_route=\/wp\/v2\/media\/4767"}],"wp:attachment":[{"href":"https:\/\/ewerk-greifswald.de\/ewerk\/index.php?rest_route=%2Fwp%2Fv2%2Fmedia&parent=110"}],"curies":[{"name":"wp","href":"https:\/\/api.w.org\/{rel}","templated":true}]}}